{"id":163,"date":"2025-08-08T15:22:30","date_gmt":"2025-08-08T18:22:30","guid":{"rendered":"https:\/\/amaracuidar.com.br\/?page_id=163"},"modified":"2025-10-29T16:24:48","modified_gmt":"2025-10-29T19:24:48","slug":"pediatria","status":"publish","type":"page","link":"https:\/\/amaracuidar.com.br\/?page_id=163","title":{"rendered":"Pediatria"},"content":{"rendered":"\n<p class=\"has-text-align-center\">Profissionais que dedicam aten\u00e7\u00e3o e saber cient\u00edfico amplo e atualizado ao cuidado das nossas crian\u00e7as, desde o nascimento at\u00e9 o fim da inf\u00e2ncia, sempre com olhar emp\u00e1tico e acolhedor, individualizado a cada contexto familiar.<\/p>\n\n\n\n<div data-widget-id=\"3\" id=\"wps-widget--team-3\" style=\"visibility: hidden; opacity: 0\" class=\"wps-container wps-widget wps-widget--team wps-team-theme--square-01 wps-team--type-carousel wps-team-card-action--single-page wps-team--carousel-has-navs wps-team--social-hover-up wps-team--thumbnail-shad\" data-carousel-settings=\"{&quot;columns&quot;:2,&quot;columns_tablet&quot;:3,&quot;columns_small_tablet&quot;:2,&quot;columns_mobile&quot;:1,&quot;gap&quot;:6,&quot;gap_tablet&quot;:&quot;&quot;,&quot;gap_small_tablet&quot;:&quot;&quot;,&quot;gap_mobile&quot;:&quot;&quot;,&quot;speed&quot;:500,&quot;dots&quot;:false,&quot;navs&quot;:true,&quot;loop&quot;:true}\">\n    \n                <div class=\"wps-carousel--inner\">\n        \n    <div class=\"wps-container--inner swiper\">\n\n                \n        \n            <div class=\"wps-row swiper-wrapper\">\n\n                \n                                \n                    <div class=\"wps-col swiper-slide wps-widget--item wps-widget--item-99\">\n                        <div class=\"wpspeedo-team--single\">\n                            <div class=\"wps-team--single-inner\">\n                                \n                                <div class=\"team-member--thumbnail-wrapper wps-team--member-element\"><div class=\"team-member--thumbnail\"><a href=\"https:\/\/amaracuidar.com.br\/?wps-team-members=99\" class=\"wpspeedo-team--url\" aria-label=\"Read More about Renata Lamano.\"><img loading=\"lazy\" decoding=\"async\" width=\"768\" height=\"1065\" src=\"https:\/\/amaracuidar.com.br\/wp-content\/uploads\/2025\/07\/Renata-Lamano-_-pediatra-768x1065.jpg\" class=\"attachment-medium_large size-medium_large wp-post-image\" alt=\"\" srcset=\"https:\/\/amaracuidar.com.br\/wp-content\/uploads\/2025\/07\/Renata-Lamano-_-pediatra-768x1065.jpg 768w, https:\/\/amaracuidar.com.br\/wp-content\/uploads\/2025\/07\/Renata-Lamano-_-pediatra-216x300.jpg 216w, https:\/\/amaracuidar.com.br\/wp-content\/uploads\/2025\/07\/Renata-Lamano-_-pediatra-739x1024.jpg 739w, https:\/\/amaracuidar.com.br\/wp-content\/uploads\/2025\/07\/Renata-Lamano-_-pediatra-1108x1536.jpg 1108w, https:\/\/amaracuidar.com.br\/wp-content\/uploads\/2025\/07\/Renata-Lamano-_-pediatra-397x550.jpg 397w, https:\/\/amaracuidar.com.br\/wp-content\/uploads\/2025\/07\/Renata-Lamano-_-pediatra-361x500.jpg 361w, https:\/\/amaracuidar.com.br\/wp-content\/uploads\/2025\/07\/Renata-Lamano-_-pediatra.jpg 1154w\" sizes=\"auto, (max-width: 768px) 100vw, 768px\" itemprop=\"image\" \/><\/a><\/div><\/div><h3 class=\"wps-team--member-title wps-team--member-element team-member--link\"><a href=\"https:\/\/amaracuidar.com.br\/?wps-team-members=99\" class=\"wpspeedo-team--url\">Renata Lamano<\/a><\/h3><div class=\"wps-team--member-details wps-team--member-details-excerpt wps-team--member-element\"><p>M\u00c9DICA PEDIATRA CRM-SP 109.570 | RQE 1...<a href=\"https:\/\/amaracuidar.com.br\/?wps-team-members=99\" class=\"wpspeedo-team--url wps-team--read-more-link\">...leia mais<\/a><\/p>\n<\/div>\n                            <\/div>\n                        <\/div>\n                    <\/div>\n\n                    \n                \n                                \n                    <div class=\"wps-col swiper-slide wps-widget--item wps-widget--item-93\">\n                        <div class=\"wpspeedo-team--single\">\n                            <div class=\"wps-team--single-inner\">\n                                \n                                <div class=\"team-member--thumbnail-wrapper wps-team--member-element\"><div class=\"team-member--thumbnail\"><a href=\"https:\/\/amaracuidar.com.br\/?wps-team-members=silvia-rodrigues\" class=\"wpspeedo-team--url\" aria-label=\"Read More about Silvia  Rodrigues.\"><img loading=\"lazy\" decoding=\"async\" width=\"768\" height=\"1095\" src=\"https:\/\/amaracuidar.com.br\/wp-content\/uploads\/2025\/07\/Silvia-Rodrigues_Pedriatra-768x1095.jpg\" class=\"attachment-medium_large size-medium_large wp-post-image\" alt=\"\" srcset=\"https:\/\/amaracuidar.com.br\/wp-content\/uploads\/2025\/07\/Silvia-Rodrigues_Pedriatra-768x1095.jpg 768w, https:\/\/amaracuidar.com.br\/wp-content\/uploads\/2025\/07\/Silvia-Rodrigues_Pedriatra-210x300.jpg 210w, https:\/\/amaracuidar.com.br\/wp-content\/uploads\/2025\/07\/Silvia-Rodrigues_Pedriatra-718x1024.jpg 718w, https:\/\/amaracuidar.com.br\/wp-content\/uploads\/2025\/07\/Silvia-Rodrigues_Pedriatra-386x550.jpg 386w, https:\/\/amaracuidar.com.br\/wp-content\/uploads\/2025\/07\/Silvia-Rodrigues_Pedriatra-351x500.jpg 351w, https:\/\/amaracuidar.com.br\/wp-content\/uploads\/2025\/07\/Silvia-Rodrigues_Pedriatra.jpg 898w\" sizes=\"auto, (max-width: 768px) 100vw, 768px\" itemprop=\"image\" \/><\/a><\/div><\/div><h3 class=\"wps-team--member-title wps-team--member-element team-member--link\"><a href=\"https:\/\/amaracuidar.com.br\/?wps-team-members=silvia-rodrigues\" class=\"wpspeedo-team--url\">Silvia  Rodrigues<\/a><\/h3><div class=\"wps-team--member-details wps-team--member-details-excerpt wps-team--member-element\"><p>M\u00c9DICA PEDIATRA CRM-SP 125.402 Clique ...<a href=\"https:\/\/amaracuidar.com.br\/?wps-team-members=silvia-rodrigues\" class=\"wpspeedo-team--url wps-team--read-more-link\">...leia mais<\/a><\/p>\n<\/div>\n                            <\/div>\n                        <\/div>\n                    <\/div>\n\n                    \n                        \n            <\/div>\n\n        \n                \n        <div class=\"wps-team--not-found-wrapper\">\n            <div class=\"wps-team--not-found\">No Results Found<\/div>\n        <\/div>\n\n        \n    <\/div>\n\n                    <div class=\"wps-team--carousel-navs\">\n                    <button class=\"swiper-button-prev\" tabindex=\"0\" aria-label=\"Previous slide\"><i aria-hidden=\"true\" class=\"fas fa-chevron-left\"><\/i><\/button>\n                    <button class=\"swiper-button-next\" tabindex=\"0\" aria-label=\"Next slide\"><i aria-hidden=\"true\" class=\"fas fa-chevron-right\"><\/i><\/button>\n                <\/div>\n            <\/div>    \n<\/div>\n","protected":false},"excerpt":{"rendered":"<p>Profissionais que dedicam aten\u00e7\u00e3o e saber cient\u00edfico amplo e atualizado ao cuidado das nossas crian\u00e7as, desde o nascimento at\u00e9 o fim da inf\u00e2ncia, sempre com olhar emp\u00e1tico e acolhedor, individualizado a cada contexto familiar.<span class=\"more-link theme-more-link\"><a href=\"https:\/\/amaracuidar.com.br\/?wps-team-members=silvia-rodrigues\">Continua&#8230;<\/a><\/span><\/p>\n","protected":false},"author":1,"featured_media":276,"parent":0,"menu_order":0,"comment_status":"closed","ping_status":"closed","template":"","meta":{"_joinchat":[],"footnotes":""},"class_list":["entry","author-amaracuidar","post-163","page","type-page","status-publish","has-post-thumbnail"],"_links":{"self":[{"href":"https:\/\/amaracuidar.com.br\/index.php?rest_route=\/wp\/v2\/pages\/163","targetHints":{"allow":["GET"]}}],"collection":[{"href":"https:\/\/amaracuidar.com.br\/index.php?rest_route=\/wp\/v2\/pages"}],"about":[{"href":"https:\/\/amaracuidar.com.br\/index.php?rest_route=\/wp\/v2\/types\/page"}],"author":[{"embeddable":true,"href":"https:\/\/amaracuidar.com.br\/index.php?rest_route=\/wp\/v2\/users\/1"}],"replies":[{"embeddable":true,"href":"https:\/\/amaracuidar.com.br\/index.php?rest_route=%2Fwp%2Fv2%2Fcomments&post=163"}],"version-history":[{"count":3,"href":"https:\/\/amaracuidar.com.br\/index.php?rest_route=\/wp\/v2\/pages\/163\/revisions"}],"predecessor-version":[{"id":343,"href":"https:\/\/amaracuidar.com.br\/index.php?rest_route=\/wp\/v2\/pages\/163\/revisions\/343"}],"wp:featuredmedia":[{"embeddable":true,"href":"https:\/\/amaracuidar.com.br\/index.php?rest_route=\/wp\/v2\/media\/276"}],"wp:attachment":[{"href":"https:\/\/amaracuidar.com.br\/index.php?rest_route=%2Fwp%2Fv2%2Fmedia&parent=163"}],"curies":[{"name":"wp","href":"https:\/\/api.w.org\/{rel}","templated":true}]}}