{"id":165,"date":"2025-08-08T15:22:58","date_gmt":"2025-08-08T18:22:58","guid":{"rendered":"https:\/\/amaracuidar.com.br\/?page_id=165"},"modified":"2025-10-29T16:22:30","modified_gmt":"2025-10-29T19:22:30","slug":"ginecologia","status":"publish","type":"page","link":"https:\/\/amaracuidar.com.br\/?page_id=165","title":{"rendered":"Ginecologia"},"content":{"rendered":"\n<p class=\"has-text-align-center\">Profissionais que acompanham a mulher desde a puberdade at\u00e9 a p\u00f3s menopausa, construindo autonomia no cuidado e decis\u00f5es compartilhadas sobre sua sa\u00fade. Lidar com as primeiras menstrua\u00e7\u00f5es; in\u00edcio da vida sexual; anticoncep\u00e7\u00e3o; preocupa\u00e7\u00e3o com preserva\u00e7\u00e3o da fertilidade; reflex\u00f5es sobre maternidade; tratamento de doen\u00e7as como a endometriose; tratamento de infertilidade; diagnosticar e cuidar das oscila\u00e7\u00f5es hormonais da perimenopausa; cuidados espec\u00edficos do corpo p\u00f3s menopausa\u2026 temos profissionais de excelente forma\u00e7\u00e3o t\u00e9cnica e acolhimento verdadeiro.<\/p>\n\n\n\n<div data-widget-id=\"4\" id=\"wps-widget--team-4\" style=\"visibility: hidden; opacity: 0\" class=\"wps-container wps-widget wps-widget--team wps-team-theme--square-01 wps-team--type-carousel wps-team-card-action--single-page wps-team--carousel-has-navs wps-team--social-hover-up wps-team--thumbnail-shad\" data-carousel-settings=\"{&quot;columns&quot;:4,&quot;columns_tablet&quot;:3,&quot;columns_small_tablet&quot;:2,&quot;columns_mobile&quot;:1,&quot;gap&quot;:6,&quot;gap_tablet&quot;:&quot;&quot;,&quot;gap_small_tablet&quot;:&quot;&quot;,&quot;gap_mobile&quot;:&quot;&quot;,&quot;speed&quot;:500,&quot;dots&quot;:false,&quot;navs&quot;:true,&quot;loop&quot;:true}\">\n    \n                <div class=\"wps-carousel--inner\">\n        \n    <div class=\"wps-container--inner swiper\">\n\n                \n        \n            <div class=\"wps-row swiper-wrapper\">\n\n                \n                                \n                    <div class=\"wps-col swiper-slide wps-widget--item wps-widget--item-83 \">\n                        <div class=\"wpspeedo-team--single\">\n                            <div class=\"wps-team--single-inner\">\n                                \n                                <div class=\"team-member--thumbnail-wrapper wps-team--member-element\"><div class=\"team-member--thumbnail\"><a href=\"https:\/\/amaracuidar.com.br\/?wps-team-members=luciana-motoki\" class=\"wpspeedo-team--url\" aria-label=\"Read More about Luciana  Motoki.\"><img loading=\"lazy\" decoding=\"async\" width=\"768\" height=\"904\" src=\"https:\/\/amaracuidar.com.br\/wp-content\/uploads\/2025\/07\/Luciana-Motoki-768x904.jpg\" class=\"attachment-medium_large size-medium_large wp-post-image\" alt=\"\" srcset=\"https:\/\/amaracuidar.com.br\/wp-content\/uploads\/2025\/07\/Luciana-Motoki-768x904.jpg 768w, https:\/\/amaracuidar.com.br\/wp-content\/uploads\/2025\/07\/Luciana-Motoki-255x300.jpg 255w, https:\/\/amaracuidar.com.br\/wp-content\/uploads\/2025\/07\/Luciana-Motoki-870x1024.jpg 870w, https:\/\/amaracuidar.com.br\/wp-content\/uploads\/2025\/07\/Luciana-Motoki-1305x1536.jpg 1305w, https:\/\/amaracuidar.com.br\/wp-content\/uploads\/2025\/07\/Luciana-Motoki-465x547.jpg 465w, https:\/\/amaracuidar.com.br\/wp-content\/uploads\/2025\/07\/Luciana-Motoki-425x500.jpg 425w, https:\/\/amaracuidar.com.br\/wp-content\/uploads\/2025\/07\/Luciana-Motoki.jpg 1359w\" sizes=\"auto, (max-width: 768px) 100vw, 768px\" itemprop=\"image\" \/><\/a><\/div><\/div><h3 class=\"wps-team--member-title wps-team--member-element team-member--link\"><a href=\"https:\/\/amaracuidar.com.br\/?wps-team-members=luciana-motoki\" class=\"wpspeedo-team--url\">Luciana  Motoki<\/a><\/h3><div class=\"wps-team--member-details wps-team--member-details-excerpt wps-team--member-element\"><p>M\u00c9DICA GINECOLOGISTA-OBSTETRA e ULTRAS...<a href=\"https:\/\/amaracuidar.com.br\/?wps-team-members=luciana-motoki\" class=\"wpspeedo-team--url wps-team--read-more-link\">...leia mais<\/a><\/p>\n<\/div>\n                            <\/div>\n                        <\/div>\n                    <\/div>\n\n                    \n                \n                                \n                    <div class=\"wps-col swiper-slide wps-widget--item wps-widget--item-89\">\n                        <div class=\"wpspeedo-team--single\">\n                            <div class=\"wps-team--single-inner\">\n                                \n                                <div class=\"team-member--thumbnail-wrapper wps-team--member-element\"><div class=\"team-member--thumbnail\"><a href=\"https:\/\/amaracuidar.com.br\/?wps-team-members=marina-bartolomeu\" class=\"wpspeedo-team--url\" aria-label=\"Read More about Marina Bartolomeu.\"><img loading=\"lazy\" decoding=\"async\" width=\"768\" height=\"1140\" src=\"https:\/\/amaracuidar.com.br\/wp-content\/uploads\/2025\/07\/Marina-Bartolomeu-768x1140.jpg\" class=\"attachment-medium_large size-medium_large wp-post-image\" alt=\"\" srcset=\"https:\/\/amaracuidar.com.br\/wp-content\/uploads\/2025\/07\/Marina-Bartolomeu-768x1140.jpg 768w, https:\/\/amaracuidar.com.br\/wp-content\/uploads\/2025\/07\/Marina-Bartolomeu-202x300.jpg 202w, https:\/\/amaracuidar.com.br\/wp-content\/uploads\/2025\/07\/Marina-Bartolomeu-690x1024.jpg 690w, https:\/\/amaracuidar.com.br\/wp-content\/uploads\/2025\/07\/Marina-Bartolomeu-370x550.jpg 370w, https:\/\/amaracuidar.com.br\/wp-content\/uploads\/2025\/07\/Marina-Bartolomeu-337x500.jpg 337w, https:\/\/amaracuidar.com.br\/wp-content\/uploads\/2025\/07\/Marina-Bartolomeu.jpg 862w\" sizes=\"auto, (max-width: 768px) 100vw, 768px\" itemprop=\"image\" \/><\/a><\/div><\/div><h3 class=\"wps-team--member-title wps-team--member-element team-member--link\"><a href=\"https:\/\/amaracuidar.com.br\/?wps-team-members=marina-bartolomeu\" class=\"wpspeedo-team--url\">Marina Bartolomeu<\/a><\/h3><div class=\"wps-team--member-details wps-team--member-details-excerpt wps-team--member-element\"><p>M\u00c9DICA GINECOLOGISTA E UROGINECOLOGIST...<a href=\"https:\/\/amaracuidar.com.br\/?wps-team-members=marina-bartolomeu\" class=\"wpspeedo-team--url wps-team--read-more-link\">...leia mais<\/a><\/p>\n<\/div>\n                            <\/div>\n                        <\/div>\n                    <\/div>\n\n                    \n                \n                                \n                    <div class=\"wps-col swiper-slide wps-widget--item wps-widget--item-48 \">\n                        <div class=\"wpspeedo-team--single\">\n                            <div class=\"wps-team--single-inner\">\n                                \n                                <div class=\"team-member--thumbnail-wrapper wps-team--member-element\"><div class=\"team-member--thumbnail\"><a href=\"https:\/\/amaracuidar.com.br\/?wps-team-members=aline-calixto\" class=\"wpspeedo-team--url\" aria-label=\"Read More about Aline Calixto.\"><img loading=\"lazy\" decoding=\"async\" width=\"768\" height=\"620\" src=\"https:\/\/amaracuidar.com.br\/wp-content\/uploads\/2025\/07\/AMARA-47-768x620.jpg\" class=\"attachment-medium_large size-medium_large wp-post-image\" alt=\"\" srcset=\"https:\/\/amaracuidar.com.br\/wp-content\/uploads\/2025\/07\/AMARA-47-768x620.jpg 768w, https:\/\/amaracuidar.com.br\/wp-content\/uploads\/2025\/07\/AMARA-47-300x242.jpg 300w, https:\/\/amaracuidar.com.br\/wp-content\/uploads\/2025\/07\/AMARA-47-1024x827.jpg 1024w, https:\/\/amaracuidar.com.br\/wp-content\/uploads\/2025\/07\/AMARA-47-1536x1240.jpg 1536w, https:\/\/amaracuidar.com.br\/wp-content\/uploads\/2025\/07\/AMARA-47-2048x1653.jpg 2048w\" sizes=\"auto, (max-width: 768px) 100vw, 768px\" itemprop=\"image\" \/><\/a><\/div><\/div><h3 class=\"wps-team--member-title wps-team--member-element team-member--link\"><a href=\"https:\/\/amaracuidar.com.br\/?wps-team-members=aline-calixto\" class=\"wpspeedo-team--url\">Aline Calixto<\/a><\/h3><div class=\"wps-team--member-details wps-team--member-details-excerpt wps-team--member-element\"><p>M\u00c9DICA GINECOLOGISTA E OBSTETRA CRM-SP...<a href=\"https:\/\/amaracuidar.com.br\/?wps-team-members=aline-calixto\" class=\"wpspeedo-team--url wps-team--read-more-link\">...leia mais<\/a><\/p>\n<\/div>\n                            <\/div>\n                        <\/div>\n                    <\/div>\n\n                    \n                \n                                \n                    <div class=\"wps-col swiper-slide wps-widget--item wps-widget--item-134\">\n                        <div class=\"wpspeedo-team--single\">\n                            <div class=\"wps-team--single-inner\">\n                                \n                                <div class=\"team-member--thumbnail-wrapper wps-team--member-element\"><div class=\"team-member--thumbnail\"><a href=\"https:\/\/amaracuidar.com.br\/?wps-team-members=thais-giavarotti\" class=\"wpspeedo-team--url\" aria-label=\"Read More about Tha\u00eds  Giavarotti.\"><img loading=\"lazy\" decoding=\"async\" width=\"640\" height=\"640\" src=\"https:\/\/amaracuidar.com.br\/wp-content\/uploads\/2025\/07\/Thais-Giavarotti.jpg\" class=\"attachment-medium_large size-medium_large wp-post-image\" alt=\"\" srcset=\"https:\/\/amaracuidar.com.br\/wp-content\/uploads\/2025\/07\/Thais-Giavarotti.jpg 640w, https:\/\/amaracuidar.com.br\/wp-content\/uploads\/2025\/07\/Thais-Giavarotti-300x300.jpg 300w, https:\/\/amaracuidar.com.br\/wp-content\/uploads\/2025\/07\/Thais-Giavarotti-150x150.jpg 150w, https:\/\/amaracuidar.com.br\/wp-content\/uploads\/2025\/07\/Thais-Giavarotti-465x465.jpg 465w, https:\/\/amaracuidar.com.br\/wp-content\/uploads\/2025\/07\/Thais-Giavarotti-500x500.jpg 500w\" sizes=\"auto, (max-width: 640px) 100vw, 640px\" itemprop=\"image\" \/><\/a><\/div><\/div><h3 class=\"wps-team--member-title wps-team--member-element team-member--link\"><a href=\"https:\/\/amaracuidar.com.br\/?wps-team-members=thais-giavarotti\" class=\"wpspeedo-team--url\">Tha\u00eds  Giavarotti<\/a><\/h3><div class=\"wps-team--member-details wps-team--member-details-excerpt wps-team--member-element\"><p>M\u00c9DICA GINECOLOGISTA e especialista em...<a href=\"https:\/\/amaracuidar.com.br\/?wps-team-members=thais-giavarotti\" class=\"wpspeedo-team--url wps-team--read-more-link\">...leia mais<\/a><\/p>\n<\/div>\n                            <\/div>\n                        <\/div>\n                    <\/div>\n\n                    \n                        \n            <\/div>\n\n        \n                \n        <div class=\"wps-team--not-found-wrapper\">\n            <div class=\"wps-team--not-found\">No Results Found<\/div>\n        <\/div>\n\n        \n    <\/div>\n\n                    <div class=\"wps-team--carousel-navs\">\n                    <button class=\"swiper-button-prev\" tabindex=\"0\" aria-label=\"Previous slide\"><i aria-hidden=\"true\" class=\"fas fa-chevron-left\"><\/i><\/button>\n                    <button class=\"swiper-button-next\" tabindex=\"0\" aria-label=\"Next slide\"><i aria-hidden=\"true\" class=\"fas fa-chevron-right\"><\/i><\/button>\n                <\/div>\n            <\/div>    \n<\/div>\n","protected":false},"excerpt":{"rendered":"<p>Profissionais que acompanham a mulher desde a puberdade at\u00e9 a p\u00f3s menopausa, construindo autonomia no cuidado e decis\u00f5es compartilhadas sobre sua sa\u00fade. Lidar com as primeiras menstrua\u00e7\u00f5es; in\u00edcio da vida sexual; anticoncep\u00e7\u00e3o; preocupa\u00e7\u00e3o com preserva\u00e7\u00e3o da fertilidade; reflex\u00f5es sobre maternidade; tratamento de doen\u00e7as como a endometriose; tratamento de infertilidade; diagnosticar<span class=\"more-link theme-more-link\"><a href=\"https:\/\/amaracuidar.com.br\/?wps-team-members=thais-giavarotti\">Continua&#8230;<\/a><\/span><\/p>\n","protected":false},"author":1,"featured_media":276,"parent":0,"menu_order":0,"comment_status":"closed","ping_status":"closed","template":"","meta":{"_joinchat":[],"footnotes":""},"class_list":["entry","author-amaracuidar","post-165","page","type-page","status-publish","has-post-thumbnail"],"_links":{"self":[{"href":"https:\/\/amaracuidar.com.br\/index.php?rest_route=\/wp\/v2\/pages\/165","targetHints":{"allow":["GET"]}}],"collection":[{"href":"https:\/\/amaracuidar.com.br\/index.php?rest_route=\/wp\/v2\/pages"}],"about":[{"href":"https:\/\/amaracuidar.com.br\/index.php?rest_route=\/wp\/v2\/types\/page"}],"author":[{"embeddable":true,"href":"https:\/\/amaracuidar.com.br\/index.php?rest_route=\/wp\/v2\/users\/1"}],"replies":[{"embeddable":true,"href":"https:\/\/amaracuidar.com.br\/index.php?rest_route=%2Fwp%2Fv2%2Fcomments&post=165"}],"version-history":[{"count":2,"href":"https:\/\/amaracuidar.com.br\/index.php?rest_route=\/wp\/v2\/pages\/165\/revisions"}],"predecessor-version":[{"id":337,"href":"https:\/\/amaracuidar.com.br\/index.php?rest_route=\/wp\/v2\/pages\/165\/revisions\/337"}],"wp:featuredmedia":[{"embeddable":true,"href":"https:\/\/amaracuidar.com.br\/index.php?rest_route=\/wp\/v2\/media\/276"}],"wp:attachment":[{"href":"https:\/\/amaracuidar.com.br\/index.php?rest_route=%2Fwp%2Fv2%2Fmedia&parent=165"}],"curies":[{"name":"wp","href":"https:\/\/api.w.org\/{rel}","templated":true}]}}