{"id":167,"date":"2025-08-08T15:23:17","date_gmt":"2025-08-08T18:23:17","guid":{"rendered":"https:\/\/amaracuidar.com.br\/?page_id=167"},"modified":"2025-10-29T16:24:17","modified_gmt":"2025-10-29T19:24:17","slug":"parteiras","status":"publish","type":"page","link":"https:\/\/amaracuidar.com.br\/?page_id=167","title":{"rendered":"Obstetriz \/ Enf. Obstetra"},"content":{"rendered":"\n<p class=\"has-text-align-center\">Profissionais que cuidam da gestante e da fam\u00edlia durante pr\u00e9 natal, parto e p\u00f3s parto com olhar transdisciplinar que agrega t\u00e9cnicas integrativas.\u00a0<\/p>\n\n\n\n<div data-widget-id=\"5\" id=\"wps-widget--team-5\" style=\"visibility: hidden; opacity: 0\" class=\"wps-container wps-widget wps-widget--team wps-team-theme--square-01 wps-team--type-carousel wps-team-card-action--single-page wps-team--carousel-has-navs wps-team--social-hover-up wps-team--thumbnail-shad\" data-carousel-settings=\"{&quot;columns&quot;:3,&quot;columns_tablet&quot;:3,&quot;columns_small_tablet&quot;:2,&quot;columns_mobile&quot;:1,&quot;gap&quot;:6,&quot;gap_tablet&quot;:&quot;&quot;,&quot;gap_small_tablet&quot;:&quot;&quot;,&quot;gap_mobile&quot;:&quot;&quot;,&quot;speed&quot;:500,&quot;dots&quot;:false,&quot;navs&quot;:true,&quot;loop&quot;:true}\">\n    \n                <div class=\"wps-carousel--inner\">\n        \n    <div class=\"wps-container--inner swiper\">\n\n                \n        \n            <div class=\"wps-row swiper-wrapper\">\n\n                \n                                \n                    <div class=\"wps-col swiper-slide wps-widget--item wps-widget--item-87\">\n                        <div class=\"wpspeedo-team--single\">\n                            <div class=\"wps-team--single-inner\">\n                                \n                                <div class=\"team-member--thumbnail-wrapper wps-team--member-element\"><div class=\"team-member--thumbnail\"><a href=\"https:\/\/amaracuidar.com.br\/?wps-team-members=pamela-nakazone\" class=\"wpspeedo-team--url\" aria-label=\"Read More about Pamela  Nakazone.\"><img loading=\"lazy\" decoding=\"async\" width=\"768\" height=\"948\" src=\"https:\/\/amaracuidar.com.br\/wp-content\/uploads\/2025\/07\/Pamela-Nakazone-scaled-e1753201380784-768x948.jpg\" class=\"attachment-medium_large size-medium_large wp-post-image\" alt=\"\" srcset=\"https:\/\/amaracuidar.com.br\/wp-content\/uploads\/2025\/07\/Pamela-Nakazone-scaled-e1753201380784-768x948.jpg 768w, https:\/\/amaracuidar.com.br\/wp-content\/uploads\/2025\/07\/Pamela-Nakazone-scaled-e1753201380784-243x300.jpg 243w, https:\/\/amaracuidar.com.br\/wp-content\/uploads\/2025\/07\/Pamela-Nakazone-scaled-e1753201380784-830x1024.jpg 830w, https:\/\/amaracuidar.com.br\/wp-content\/uploads\/2025\/07\/Pamela-Nakazone-scaled-e1753201380784-1244x1536.jpg 1244w, https:\/\/amaracuidar.com.br\/wp-content\/uploads\/2025\/07\/Pamela-Nakazone-scaled-e1753201380784-446x550.jpg 446w, https:\/\/amaracuidar.com.br\/wp-content\/uploads\/2025\/07\/Pamela-Nakazone-scaled-e1753201380784-405x500.jpg 405w, https:\/\/amaracuidar.com.br\/wp-content\/uploads\/2025\/07\/Pamela-Nakazone-scaled-e1753201380784.jpg 1476w\" sizes=\"auto, (max-width: 768px) 100vw, 768px\" itemprop=\"image\" \/><\/a><\/div><\/div><h3 class=\"wps-team--member-title wps-team--member-element team-member--link\"><a href=\"https:\/\/amaracuidar.com.br\/?wps-team-members=pamela-nakazone\" class=\"wpspeedo-team--url\">Pamela  Nakazone<\/a><\/h3><div class=\"wps-team--member-details wps-team--member-details-excerpt wps-team--member-element\"><p>ENFERMEIRA OBSTETRA COREN-SP 298.462 C...<a href=\"https:\/\/amaracuidar.com.br\/?wps-team-members=pamela-nakazone\" class=\"wpspeedo-team--url wps-team--read-more-link\">...leia mais<\/a><\/p>\n<\/div>\n                            <\/div>\n                        <\/div>\n                    <\/div>\n\n                    \n                \n                                \n                    <div class=\"wps-col swiper-slide wps-widget--item wps-widget--item-97 \">\n                        <div class=\"wpspeedo-team--single\">\n                            <div class=\"wps-team--single-inner\">\n                                \n                                <div class=\"team-member--thumbnail-wrapper wps-team--member-element\"><div class=\"team-member--thumbnail\"><a href=\"https:\/\/amaracuidar.com.br\/?wps-team-members=raquel-carvalho\" class=\"wpspeedo-team--url\" aria-label=\"Read More about Raquel  Carvalho.\"><img loading=\"lazy\" decoding=\"async\" width=\"768\" height=\"904\" src=\"https:\/\/amaracuidar.com.br\/wp-content\/uploads\/2025\/07\/Raquel-Carvalho-768x904.jpg\" class=\"attachment-medium_large size-medium_large wp-post-image\" alt=\"\" srcset=\"https:\/\/amaracuidar.com.br\/wp-content\/uploads\/2025\/07\/Raquel-Carvalho-768x904.jpg 768w, https:\/\/amaracuidar.com.br\/wp-content\/uploads\/2025\/07\/Raquel-Carvalho-255x300.jpg 255w, https:\/\/amaracuidar.com.br\/wp-content\/uploads\/2025\/07\/Raquel-Carvalho-870x1024.jpg 870w, https:\/\/amaracuidar.com.br\/wp-content\/uploads\/2025\/07\/Raquel-Carvalho-1305x1536.jpg 1305w, https:\/\/amaracuidar.com.br\/wp-content\/uploads\/2025\/07\/Raquel-Carvalho-465x547.jpg 465w, https:\/\/amaracuidar.com.br\/wp-content\/uploads\/2025\/07\/Raquel-Carvalho-425x500.jpg 425w, https:\/\/amaracuidar.com.br\/wp-content\/uploads\/2025\/07\/Raquel-Carvalho.jpg 1359w\" sizes=\"auto, (max-width: 768px) 100vw, 768px\" itemprop=\"image\" \/><\/a><\/div><\/div><h3 class=\"wps-team--member-title wps-team--member-element team-member--link\"><a href=\"https:\/\/amaracuidar.com.br\/?wps-team-members=raquel-carvalho\" class=\"wpspeedo-team--url\">Raquel  Carvalho<\/a><\/h3><div class=\"wps-team--member-details wps-team--member-details-excerpt wps-team--member-element\"><p>OBSTETRIZ Coren-SP 000.193 Clique aqui...<a href=\"https:\/\/amaracuidar.com.br\/?wps-team-members=raquel-carvalho\" class=\"wpspeedo-team--url wps-team--read-more-link\">...leia mais<\/a><\/p>\n<\/div>\n                            <\/div>\n                        <\/div>\n                    <\/div>\n\n                    \n                \n                                \n                    <div class=\"wps-col swiper-slide wps-widget--item wps-widget--item-116 \">\n                        <div class=\"wpspeedo-team--single\">\n                            <div class=\"wps-team--single-inner\">\n                                \n                                <div class=\"team-member--thumbnail-wrapper wps-team--member-element\"><div class=\"team-member--thumbnail\"><a href=\"https:\/\/amaracuidar.com.br\/?wps-team-members=bruna-alves\" class=\"wpspeedo-team--url\" aria-label=\"Read More about Bruna  Alves.\"><img loading=\"lazy\" decoding=\"async\" width=\"768\" height=\"1010\" src=\"https:\/\/amaracuidar.com.br\/wp-content\/uploads\/2025\/07\/Bruna-Alves-768x1010.jpg\" class=\"attachment-medium_large size-medium_large wp-post-image\" alt=\"\" srcset=\"https:\/\/amaracuidar.com.br\/wp-content\/uploads\/2025\/07\/Bruna-Alves-768x1010.jpg 768w, https:\/\/amaracuidar.com.br\/wp-content\/uploads\/2025\/07\/Bruna-Alves-228x300.jpg 228w, https:\/\/amaracuidar.com.br\/wp-content\/uploads\/2025\/07\/Bruna-Alves-779x1024.jpg 779w, https:\/\/amaracuidar.com.br\/wp-content\/uploads\/2025\/07\/Bruna-Alves-1168x1536.jpg 1168w, https:\/\/amaracuidar.com.br\/wp-content\/uploads\/2025\/07\/Bruna-Alves-418x550.jpg 418w, https:\/\/amaracuidar.com.br\/wp-content\/uploads\/2025\/07\/Bruna-Alves-380x500.jpg 380w, https:\/\/amaracuidar.com.br\/wp-content\/uploads\/2025\/07\/Bruna-Alves.jpg 1217w\" sizes=\"auto, (max-width: 768px) 100vw, 768px\" itemprop=\"image\" \/><\/a><\/div><\/div><h3 class=\"wps-team--member-title wps-team--member-element team-member--link\"><a href=\"https:\/\/amaracuidar.com.br\/?wps-team-members=bruna-alves\" class=\"wpspeedo-team--url\">Bruna  Alves<\/a><\/h3><div class=\"wps-team--member-details wps-team--member-details-excerpt wps-team--member-element\"><p>OBSTETRIZ Coren-SP 000.036 Clique aqui...<a href=\"https:\/\/amaracuidar.com.br\/?wps-team-members=bruna-alves\" class=\"wpspeedo-team--url wps-team--read-more-link\">...leia mais<\/a><\/p>\n<\/div>\n                            <\/div>\n                        <\/div>\n                    <\/div>\n\n                    \n                        \n            <\/div>\n\n        \n                \n        <div class=\"wps-team--not-found-wrapper\">\n            <div class=\"wps-team--not-found\">No Results Found<\/div>\n        <\/div>\n\n        \n    <\/div>\n\n                    <div class=\"wps-team--carousel-navs\">\n                    <button class=\"swiper-button-prev\" tabindex=\"0\" aria-label=\"Previous slide\"><i aria-hidden=\"true\" class=\"fas fa-chevron-left\"><\/i><\/button>\n                    <button class=\"swiper-button-next\" tabindex=\"0\" aria-label=\"Next slide\"><i aria-hidden=\"true\" class=\"fas fa-chevron-right\"><\/i><\/button>\n                <\/div>\n            <\/div>    \n<\/div>\n","protected":false},"excerpt":{"rendered":"<p>Profissionais que cuidam da gestante e da fam\u00edlia durante pr\u00e9 natal, parto e p\u00f3s parto com olhar transdisciplinar que agrega t\u00e9cnicas integrativas.\u00a0<span class=\"more-link theme-more-link\"><a href=\"https:\/\/amaracuidar.com.br\/?wps-team-members=bruna-alves\">Continua&#8230;<\/a><\/span><\/p>\n","protected":false},"author":1,"featured_media":276,"parent":0,"menu_order":0,"comment_status":"closed","ping_status":"closed","template":"","meta":{"_joinchat":[],"footnotes":""},"class_list":["entry","author-amaracuidar","post-167","page","type-page","status-publish","has-post-thumbnail"],"_links":{"self":[{"href":"https:\/\/amaracuidar.com.br\/index.php?rest_route=\/wp\/v2\/pages\/167","targetHints":{"allow":["GET"]}}],"collection":[{"href":"https:\/\/amaracuidar.com.br\/index.php?rest_route=\/wp\/v2\/pages"}],"about":[{"href":"https:\/\/amaracuidar.com.br\/index.php?rest_route=\/wp\/v2\/types\/page"}],"author":[{"embeddable":true,"href":"https:\/\/amaracuidar.com.br\/index.php?rest_route=\/wp\/v2\/users\/1"}],"replies":[{"embeddable":true,"href":"https:\/\/amaracuidar.com.br\/index.php?rest_route=%2Fwp%2Fv2%2Fcomments&post=167"}],"version-history":[{"count":4,"href":"https:\/\/amaracuidar.com.br\/index.php?rest_route=\/wp\/v2\/pages\/167\/revisions"}],"predecessor-version":[{"id":341,"href":"https:\/\/amaracuidar.com.br\/index.php?rest_route=\/wp\/v2\/pages\/167\/revisions\/341"}],"wp:featuredmedia":[{"embeddable":true,"href":"https:\/\/amaracuidar.com.br\/index.php?rest_route=\/wp\/v2\/media\/276"}],"wp:attachment":[{"href":"https:\/\/amaracuidar.com.br\/index.php?rest_route=%2Fwp%2Fv2%2Fmedia&parent=167"}],"curies":[{"name":"wp","href":"https:\/\/api.w.org\/{rel}","templated":true}]}}