{"id":169,"date":"2025-08-08T15:23:54","date_gmt":"2025-08-08T18:23:54","guid":{"rendered":"https:\/\/amaracuidar.com.br\/?page_id=169"},"modified":"2025-10-29T16:25:16","modified_gmt":"2025-10-29T19:25:16","slug":"prevencao-em-saude","status":"publish","type":"page","link":"https:\/\/amaracuidar.com.br\/?page_id=169","title":{"rendered":"Preven\u00e7\u00e3o em Sa\u00fade"},"content":{"rendered":"\n<p class=\"has-text-align-center\">Profissionais de diversas \u00e1reas m\u00e9dicas cl\u00ednicas e cir\u00fargicas que promovem sa\u00fade e tratam doen\u00e7as pensando em longevidade: cl\u00ednica geral, cardiologia, nutrologia, cirurgia vascular, hematologia, cirurgia geral e oncol\u00f3gica.<\/p>\n\n\n\n<div data-widget-id=\"6\" id=\"wps-widget--team-6\" style=\"visibility: hidden; opacity: 0\" class=\"wps-container wps-widget wps-widget--team wps-team-theme--square-01 wps-team--type-carousel wps-team-card-action--single-page wps-team--carousel-has-navs wps-team--social-hover-up wps-team--thumbnail-shad\" data-carousel-settings=\"{&quot;columns&quot;:4,&quot;columns_tablet&quot;:3,&quot;columns_small_tablet&quot;:2,&quot;columns_mobile&quot;:1,&quot;gap&quot;:5,&quot;gap_tablet&quot;:&quot;&quot;,&quot;gap_small_tablet&quot;:&quot;&quot;,&quot;gap_mobile&quot;:&quot;&quot;,&quot;speed&quot;:500,&quot;dots&quot;:false,&quot;navs&quot;:true,&quot;loop&quot;:true}\">\n    \n                <div class=\"wps-carousel--inner\">\n        \n    <div class=\"wps-container--inner swiper\">\n\n                \n        \n            <div class=\"wps-row swiper-wrapper\">\n\n                \n                                \n                    <div class=\"wps-col swiper-slide wps-widget--item wps-widget--item-138\">\n                        <div class=\"wpspeedo-team--single\">\n                            <div class=\"wps-team--single-inner\">\n                                \n                                <div class=\"team-member--thumbnail-wrapper wps-team--member-element\"><div class=\"team-member--thumbnail\"><a href=\"https:\/\/amaracuidar.com.br\/?wps-team-members=isabela-rodrigues-tavares\" class=\"wpspeedo-team--url\" aria-label=\"Read More about Isabela  Rodrigues Tavares.\"><img loading=\"lazy\" decoding=\"async\" width=\"725\" height=\"966\" src=\"https:\/\/amaracuidar.com.br\/wp-content\/uploads\/2025\/07\/Isabela-Tavares-e1753223293640.jpg\" class=\"attachment-medium_large size-medium_large wp-post-image\" alt=\"\" srcset=\"https:\/\/amaracuidar.com.br\/wp-content\/uploads\/2025\/07\/Isabela-Tavares-e1753223293640.jpg 725w, https:\/\/amaracuidar.com.br\/wp-content\/uploads\/2025\/07\/Isabela-Tavares-e1753223293640-225x300.jpg 225w, https:\/\/amaracuidar.com.br\/wp-content\/uploads\/2025\/07\/Isabela-Tavares-e1753223293640-413x550.jpg 413w, https:\/\/amaracuidar.com.br\/wp-content\/uploads\/2025\/07\/Isabela-Tavares-e1753223293640-375x500.jpg 375w\" sizes=\"auto, (max-width: 725px) 100vw, 725px\" itemprop=\"image\" \/><\/a><\/div><\/div><h3 class=\"wps-team--member-title wps-team--member-element team-member--link\"><a href=\"https:\/\/amaracuidar.com.br\/?wps-team-members=isabela-rodrigues-tavares\" class=\"wpspeedo-team--url\">Isabela  Rodrigues Tavares<\/a><\/h3><div class=\"wps-team--member-details wps-team--member-details-excerpt wps-team--member-element\"><p>M\u00c9DICA CIRURGI\u00c3 VASCULAR CRM-SP 186.93...<a href=\"https:\/\/amaracuidar.com.br\/?wps-team-members=isabela-rodrigues-tavares\" class=\"wpspeedo-team--url wps-team--read-more-link\">...leia mais<\/a><\/p>\n<\/div>\n                            <\/div>\n                        <\/div>\n                    <\/div>\n\n                    \n                \n                                \n                    <div class=\"wps-col swiper-slide wps-widget--item wps-widget--item-147\">\n                        <div class=\"wpspeedo-team--single\">\n                            <div class=\"wps-team--single-inner\">\n                                \n                                <div class=\"team-member--thumbnail-wrapper wps-team--member-element\"><div class=\"team-member--thumbnail\"><a href=\"https:\/\/amaracuidar.com.br\/?wps-team-members=michelle-l-rodrigues\" class=\"wpspeedo-team--url\" aria-label=\"Read More about Michelle  L. Rodrigues.\"><img loading=\"lazy\" decoding=\"async\" width=\"493\" height=\"562\" src=\"https:\/\/amaracuidar.com.br\/wp-content\/uploads\/2025\/07\/WhatsApp-Image-2025-07-22-at-19.46.12.jpeg\" class=\"attachment-medium_large size-medium_large wp-post-image\" alt=\"\" srcset=\"https:\/\/amaracuidar.com.br\/wp-content\/uploads\/2025\/07\/WhatsApp-Image-2025-07-22-at-19.46.12.jpeg 493w, https:\/\/amaracuidar.com.br\/wp-content\/uploads\/2025\/07\/WhatsApp-Image-2025-07-22-at-19.46.12-263x300.jpeg 263w, https:\/\/amaracuidar.com.br\/wp-content\/uploads\/2025\/07\/WhatsApp-Image-2025-07-22-at-19.46.12-465x530.jpeg 465w, https:\/\/amaracuidar.com.br\/wp-content\/uploads\/2025\/07\/WhatsApp-Image-2025-07-22-at-19.46.12-439x500.jpeg 439w\" sizes=\"auto, (max-width: 493px) 100vw, 493px\" itemprop=\"image\" \/><\/a><\/div><\/div><h3 class=\"wps-team--member-title wps-team--member-element team-member--link\"><a href=\"https:\/\/amaracuidar.com.br\/?wps-team-members=michelle-l-rodrigues\" class=\"wpspeedo-team--url\">Michelle  L. Rodrigues<\/a><\/h3><div class=\"wps-team--member-details wps-team--member-details-excerpt wps-team--member-element\"><p>Cirurgi\u00e3 oncol\u00f3gica CRM-SP 175.309 | R...<a href=\"https:\/\/amaracuidar.com.br\/?wps-team-members=michelle-l-rodrigues\" class=\"wpspeedo-team--url wps-team--read-more-link\">...leia mais<\/a><\/p>\n<\/div>\n                            <\/div>\n                        <\/div>\n                    <\/div>\n\n                    \n                \n                                \n                    <div class=\"wps-col swiper-slide wps-widget--item wps-widget--item-79\">\n                        <div class=\"wpspeedo-team--single\">\n                            <div class=\"wps-team--single-inner\">\n                                \n                                <div class=\"team-member--thumbnail-wrapper wps-team--member-element\"><div class=\"team-member--thumbnail\"><a href=\"https:\/\/amaracuidar.com.br\/?wps-team-members=giuliano-generoso\" class=\"wpspeedo-team--url\" aria-label=\"Read More about Giuliano  Generoso.\"><img loading=\"lazy\" decoding=\"async\" width=\"768\" height=\"951\" src=\"https:\/\/amaracuidar.com.br\/wp-content\/uploads\/2025\/07\/Giuliano-Generoso-768x951.jpg\" class=\"attachment-medium_large size-medium_large wp-post-image\" alt=\"\" srcset=\"https:\/\/amaracuidar.com.br\/wp-content\/uploads\/2025\/07\/Giuliano-Generoso-768x951.jpg 768w, https:\/\/amaracuidar.com.br\/wp-content\/uploads\/2025\/07\/Giuliano-Generoso-242x300.jpg 242w, https:\/\/amaracuidar.com.br\/wp-content\/uploads\/2025\/07\/Giuliano-Generoso-827x1024.jpg 827w, https:\/\/amaracuidar.com.br\/wp-content\/uploads\/2025\/07\/Giuliano-Generoso-1241x1536.jpg 1241w, https:\/\/amaracuidar.com.br\/wp-content\/uploads\/2025\/07\/Giuliano-Generoso-444x550.jpg 444w, https:\/\/amaracuidar.com.br\/wp-content\/uploads\/2025\/07\/Giuliano-Generoso-404x500.jpg 404w, https:\/\/amaracuidar.com.br\/wp-content\/uploads\/2025\/07\/Giuliano-Generoso.jpg 1244w\" sizes=\"auto, (max-width: 768px) 100vw, 768px\" itemprop=\"image\" \/><\/a><\/div><\/div><h3 class=\"wps-team--member-title wps-team--member-element team-member--link\"><a href=\"https:\/\/amaracuidar.com.br\/?wps-team-members=giuliano-generoso\" class=\"wpspeedo-team--url\">Giuliano  Generoso<\/a><\/h3><div class=\"wps-team--member-details wps-team--member-details-excerpt wps-team--member-element\"><p>M\u00c9DICO CL\u00cdNICO e CARDIOLOGISTA CRM-SP ...<a href=\"https:\/\/amaracuidar.com.br\/?wps-team-members=giuliano-generoso\" class=\"wpspeedo-team--url wps-team--read-more-link\">...leia mais<\/a><\/p>\n<\/div>\n                            <\/div>\n                        <\/div>\n                    <\/div>\n\n                    \n                \n                                \n                    <div class=\"wps-col swiper-slide wps-widget--item wps-widget--item-315\">\n                        <div class=\"wpspeedo-team--single\">\n                            <div class=\"wps-team--single-inner\">\n                                \n                                <div class=\"team-member--thumbnail-wrapper wps-team--member-element\"><div class=\"team-member--thumbnail\"><a href=\"https:\/\/amaracuidar.com.br\/?wps-team-members=ana-luiza-miranda\" class=\"wpspeedo-team--url\" aria-label=\"Read More about Ana Luiza  Miranda.\"><img loading=\"lazy\" decoding=\"async\" width=\"644\" height=\"853\" src=\"https:\/\/amaracuidar.com.br\/wp-content\/uploads\/2025\/08\/Ana-Luiza-Miranda.jpg\" class=\"attachment-medium_large size-medium_large wp-post-image\" alt=\"\" srcset=\"https:\/\/amaracuidar.com.br\/wp-content\/uploads\/2025\/08\/Ana-Luiza-Miranda.jpg 644w, https:\/\/amaracuidar.com.br\/wp-content\/uploads\/2025\/08\/Ana-Luiza-Miranda-226x300.jpg 226w, https:\/\/amaracuidar.com.br\/wp-content\/uploads\/2025\/08\/Ana-Luiza-Miranda-415x550.jpg 415w, https:\/\/amaracuidar.com.br\/wp-content\/uploads\/2025\/08\/Ana-Luiza-Miranda-377x500.jpg 377w\" sizes=\"auto, (max-width: 644px) 100vw, 644px\" itemprop=\"image\" \/><\/a><\/div><\/div><h3 class=\"wps-team--member-title wps-team--member-element team-member--link\"><a href=\"https:\/\/amaracuidar.com.br\/?wps-team-members=ana-luiza-miranda\" class=\"wpspeedo-team--url\">Ana Luiza  Miranda<\/a><\/h3><div class=\"wps-team--member-details wps-team--member-details-excerpt wps-team--member-element\"><p>M\u00c9DICA HEMATOLOGISTA CRM-SP 154.280 | ...<a href=\"https:\/\/amaracuidar.com.br\/?wps-team-members=ana-luiza-miranda\" class=\"wpspeedo-team--url wps-team--read-more-link\">...leia mais<\/a><\/p>\n<\/div>\n                            <\/div>\n                        <\/div>\n                    <\/div>\n\n                    \n                \n                                \n                    <div class=\"wps-col swiper-slide wps-widget--item wps-widget--item-122\">\n                        <div class=\"wpspeedo-team--single\">\n                            <div class=\"wps-team--single-inner\">\n                                \n                                <div class=\"team-member--thumbnail-wrapper wps-team--member-element\"><div class=\"team-member--thumbnail\"><a href=\"https:\/\/amaracuidar.com.br\/?wps-team-members=anielle-vieira\" class=\"wpspeedo-team--url\" aria-label=\"Read More about Anielle  Vieira.\"><img loading=\"lazy\" decoding=\"async\" width=\"768\" height=\"1151\" src=\"https:\/\/amaracuidar.com.br\/wp-content\/uploads\/2025\/07\/Anielle-Vieira-768x1151.jpg\" class=\"attachment-medium_large size-medium_large wp-post-image\" alt=\"\" srcset=\"https:\/\/amaracuidar.com.br\/wp-content\/uploads\/2025\/07\/Anielle-Vieira-768x1151.jpg 768w, https:\/\/amaracuidar.com.br\/wp-content\/uploads\/2025\/07\/Anielle-Vieira-200x300.jpg 200w, https:\/\/amaracuidar.com.br\/wp-content\/uploads\/2025\/07\/Anielle-Vieira-683x1024.jpg 683w, https:\/\/amaracuidar.com.br\/wp-content\/uploads\/2025\/07\/Anielle-Vieira-367x550.jpg 367w, https:\/\/amaracuidar.com.br\/wp-content\/uploads\/2025\/07\/Anielle-Vieira-334x500.jpg 334w, https:\/\/amaracuidar.com.br\/wp-content\/uploads\/2025\/07\/Anielle-Vieira.jpg 854w\" sizes=\"auto, (max-width: 768px) 100vw, 768px\" itemprop=\"image\" \/><\/a><\/div><\/div><h3 class=\"wps-team--member-title wps-team--member-element team-member--link\"><a href=\"https:\/\/amaracuidar.com.br\/?wps-team-members=anielle-vieira\" class=\"wpspeedo-team--url\">Anielle  Vieira<\/a><\/h3><div class=\"wps-team--member-details wps-team--member-details-excerpt wps-team--member-element\"><p>M\u00c9DICA NUTROLOGISTA CRM-SP 167.451 | R...<a href=\"https:\/\/amaracuidar.com.br\/?wps-team-members=anielle-vieira\" class=\"wpspeedo-team--url wps-team--read-more-link\">...leia mais<\/a><\/p>\n<\/div>\n                            <\/div>\n                        <\/div>\n                    <\/div>\n\n                    \n                        \n            <\/div>\n\n        \n                \n        <div class=\"wps-team--not-found-wrapper\">\n            <div class=\"wps-team--not-found\">No Results Found<\/div>\n        <\/div>\n\n        \n    <\/div>\n\n                    <div class=\"wps-team--carousel-navs\">\n                    <button class=\"swiper-button-prev\" tabindex=\"0\" aria-label=\"Previous slide\"><i aria-hidden=\"true\" class=\"fas fa-chevron-left\"><\/i><\/button>\n                    <button class=\"swiper-button-next\" tabindex=\"0\" aria-label=\"Next slide\"><i aria-hidden=\"true\" class=\"fas fa-chevron-right\"><\/i><\/button>\n                <\/div>\n            <\/div>    \n<\/div>\n","protected":false},"excerpt":{"rendered":"<p>Profissionais de diversas \u00e1reas m\u00e9dicas cl\u00ednicas e cir\u00fargicas que promovem sa\u00fade e tratam doen\u00e7as pensando em longevidade: cl\u00ednica geral, cardiologia, nutrologia, cirurgia vascular, hematologia, cirurgia geral e oncol\u00f3gica.<span class=\"more-link theme-more-link\"><a href=\"https:\/\/amaracuidar.com.br\/?wps-team-members=anielle-vieira\">Continua&#8230;<\/a><\/span><\/p>\n","protected":false},"author":1,"featured_media":276,"parent":0,"menu_order":0,"comment_status":"closed","ping_status":"closed","template":"","meta":{"_joinchat":[],"footnotes":""},"class_list":["entry","author-amaracuidar","post-169","page","type-page","status-publish","has-post-thumbnail"],"_links":{"self":[{"href":"https:\/\/amaracuidar.com.br\/index.php?rest_route=\/wp\/v2\/pages\/169","targetHints":{"allow":["GET"]}}],"collection":[{"href":"https:\/\/amaracuidar.com.br\/index.php?rest_route=\/wp\/v2\/pages"}],"about":[{"href":"https:\/\/amaracuidar.com.br\/index.php?rest_route=\/wp\/v2\/types\/page"}],"author":[{"embeddable":true,"href":"https:\/\/amaracuidar.com.br\/index.php?rest_route=\/wp\/v2\/users\/1"}],"replies":[{"embeddable":true,"href":"https:\/\/amaracuidar.com.br\/index.php?rest_route=%2Fwp%2Fv2%2Fcomments&post=169"}],"version-history":[{"count":2,"href":"https:\/\/amaracuidar.com.br\/index.php?rest_route=\/wp\/v2\/pages\/169\/revisions"}],"predecessor-version":[{"id":344,"href":"https:\/\/amaracuidar.com.br\/index.php?rest_route=\/wp\/v2\/pages\/169\/revisions\/344"}],"wp:featuredmedia":[{"embeddable":true,"href":"https:\/\/amaracuidar.com.br\/index.php?rest_route=\/wp\/v2\/media\/276"}],"wp:attachment":[{"href":"https:\/\/amaracuidar.com.br\/index.php?rest_route=%2Fwp%2Fv2%2Fmedia&parent=169"}],"curies":[{"name":"wp","href":"https:\/\/api.w.org\/{rel}","templated":true}]}}